{"id":5,"date":"2014-01-28T22:16:17","date_gmt":"2014-01-28T21:16:17","guid":{"rendered":"http:\/\/psycho-terapia.eu\/?page_id=5"},"modified":"2019-07-29T10:28:25","modified_gmt":"2019-07-29T08:28:25","slug":"5-2","status":"publish","type":"page","link":"https:\/\/psycho-terapia.eu\/","title":{"rendered":""},"content":{"rendered":"<style type=\"text\/css\"><!--\np { margin-bottom: 0.21cm; }\n--><\/style>\n<p align=\"left\"><span style=\"font-family: Cantarell;\"><span style=\"font-size: large;\">Jestem psychologiem i psychoterapeut\u0105.<img decoding=\"async\" loading=\"lazy\" class=\"alignright size-medium wp-image-13\" alt=\"IMG_1673\" src=\"http:\/\/psycho-terapia.eu\/wp-content\/uploads\/2014\/01\/IMG_1673-200x300.jpg\" width=\"200\" height=\"300\" srcset=\"https:\/\/psycho-terapia.eu\/wp-content\/uploads\/2014\/01\/IMG_1673-200x300.jpg 200w, https:\/\/psycho-terapia.eu\/wp-content\/uploads\/2014\/01\/IMG_1673-682x1024.jpg 682w, https:\/\/psycho-terapia.eu\/wp-content\/uploads\/2014\/01\/IMG_1673-624x936.jpg 624w\" sizes=\"(max-width: 200px) 100vw, 200px\" \/><\/span><\/span><\/p>\n<p>&nbsp;<\/p>\n<p><span style=\"font-family: Cantarell;\"><span style=\"font-size: large;\">Jestem absolwentk\u0105 Wydzia\u0142u Psychologii Uniwersytetu Warszawskiego ze specjalizacj\u0105 Psychoterapia. Uko\u0144czy\u0142am 4-letnie szkolenie w Szkole Psychoterapii O\u015brodka Pomocy i Edukacji Psychologicznej \u201eINTRA\u201d rekomendowane przez Polskie Towarzystwo Psychologiczne. Uko\u0144czy\u0142am r\u00f3wnie\u017c Studium Pomocy Psychologicznej dla Par organizowane przez Instytut Psychologii Zdrowia. Stale uzupe\u0142niam swoj\u0105 wiedz\u0119 z zakresu seksuologii, bior\u0105c udzia\u0142 w szkoleniach organizowanych przez Zak\u0142ad Seksuologii Medycznej i Psychoterapii Centrum Medycznego Kszta\u0142cenia Podyplomowego. Jestem cz\u0142onkiem Sekcji Psychoterapii Polskiego Towarzystwa Psychologicznego oraz cz\u0142onkiem Polskiego Towarzystwa Psychiatrycznego. Systematycznie bior\u0119 udzia\u0142 w konferencjach organizowanych przez PTP.<\/span><\/span><\/p>\n<p><span style=\"font-family: Cantarell;\"><span style=\"font-size: large;\">Do\u015bwiadczenie zawodowe zdobywa\u0142am m.in. w Szpitalu Br\u00f3dnowskim, Szpitalu Nowowiejskim, Akademickim O\u015brodku Psychoterapii oraz w Oddziale Leczenia Zaburze\u0144 Nerwicowych w Komorowie. Od 2009 roku pracuj\u0119 w Oddziale Dziennym Leczenia Nerwic i Psychoterapii oraz w Oddziale Dziennym Og\u00f3lnopsychiatrycznym w Szpitalu Tworkowskim, gdzie prowadz\u0119 psychoterapi\u0119 indywidualn\u0105 i grupow\u0105 os\u00f3b cierpi\u0105cych m.in. na zaburzenia l\u0119kowe, depresyjne i z kr\u0119gu psychoz. Prowadz\u0119 r\u00f3wnie\u017c psychodram\u0119 i warsztaty psychologiczne w tym trening asertywno\u015bci i psychoedukacj\u0119.<\/span><\/span><\/p>\n<p><span style=\"font-family: Cantarell;\"><span style=\"font-size: large;\">Pracuj\u0119 w nurcie humanistycznym z elementami podej\u015bcia integratywnego, co oznacza, \u017ce dopasowuj\u0119 metody i techniki do potrzeb pacjenta i zg\u0142aszanych trudno\u015bci. Najwa\u017cniejszym elementem prowadzonej przeze mnie terapii jest relacja pacjent-psychoterapeuta w oparciu o za\u0142o\u017cenia akceptacji, empatii i autentyczno\u015bci.<\/span><\/span><\/p>\n<p><span style=\"font-family: Cantarell;\"><span style=\"font-size: large;\">Pracuj\u0119 pod sta\u0142\u0105 superwizj\u0105 superwizora Polskiego Towarzystwa Psychologicznego.<\/span><\/span><\/p>\n<p>&nbsp;<\/p>\n","protected":false},"excerpt":{"rendered":"<p>Jestem psychologiem i psychoterapeut\u0105. &nbsp; Jestem absolwentk\u0105 Wydzia\u0142u Psychologii Uniwersytetu Warszawskiego ze specjalizacj\u0105 Psychoterapia. Uko\u0144czy\u0142am 4-letnie szkolenie w Szkole Psychoterapii O\u015brodka Pomocy i Edukacji Psychologicznej \u201eINTRA\u201d rekomendowane przez Polskie Towarzystwo Psychologiczne. Uko\u0144czy\u0142am r\u00f3wnie\u017c Studium Pomocy Psychologicznej dla Par organizowane przez Instytut Psychologii Zdrowia. Stale uzupe\u0142niam swoj\u0105 wiedz\u0119 z zakresu seksuologii, bior\u0105c udzia\u0142 w szkoleniach organizowanych [&hellip;]<\/p>\n","protected":false},"author":1,"featured_media":0,"parent":0,"menu_order":0,"comment_status":"closed","ping_status":"open","template":"","meta":[],"_links":{"self":[{"href":"https:\/\/psycho-terapia.eu\/index.php?rest_route=\/wp\/v2\/pages\/5"}],"collection":[{"href":"https:\/\/psycho-terapia.eu\/index.php?rest_route=\/wp\/v2\/pages"}],"about":[{"href":"https:\/\/psycho-terapia.eu\/index.php?rest_route=\/wp\/v2\/types\/page"}],"author":[{"embeddable":true,"href":"https:\/\/psycho-terapia.eu\/index.php?rest_route=\/wp\/v2\/users\/1"}],"replies":[{"embeddable":true,"href":"https:\/\/psycho-terapia.eu\/index.php?rest_route=%2Fwp%2Fv2%2Fcomments&post=5"}],"version-history":[{"count":14,"href":"https:\/\/psycho-terapia.eu\/index.php?rest_route=\/wp\/v2\/pages\/5\/revisions"}],"predecessor-version":[{"id":63,"href":"https:\/\/psycho-terapia.eu\/index.php?rest_route=\/wp\/v2\/pages\/5\/revisions\/63"}],"wp:attachment":[{"href":"https:\/\/psycho-terapia.eu\/index.php?rest_route=%2Fwp%2Fv2%2Fmedia&parent=5"}],"curies":[{"name":"wp","href":"https:\/\/api.w.org\/{rel}","templated":true}]}}