{"id":26,"date":"2014-01-28T23:14:41","date_gmt":"2014-01-28T22:14:41","guid":{"rendered":"http:\/\/psycho-terapia.eu\/?page_id=26"},"modified":"2019-07-29T10:29:11","modified_gmt":"2019-07-29T08:29:11","slug":"26-2","status":"publish","type":"page","link":"https:\/\/psycho-terapia.eu\/?page_id=26","title":{"rendered":""},"content":{"rendered":"<style type=\"text\/css\"><!-- P { margin-bottom: 0.21cm; direction: ltr; color: rgb(0, 0, 0); widows: 2; orphans: 2; }P.western { font-family: \"Times New Roman\",serif; font-size: 12pt; }P.cjk { font-family: \"Times New Roman\",serif; font-size: 12pt; }P.ctl { font-family: \"Times New Roman\",serif; font-size: 12pt; }STRONG { font-weight: bold; }A:link { color: rgb(0, 0, 255); text-decoration: underline; } --><\/style>\n<p style=\"text-align: center;\">Kamila Ka\u017amierczak ( Lepieszka )<\/p>\n<p style=\"text-align: center;\">Tel.<strong>501 941 526<\/strong> (sesje umawiane s\u0105 telefonicznie)<\/p>\n<p style=\"text-align: center;\"><strong>Al.Wilanowska 368c lok. 4U<\/strong><\/p>\n<p style=\"text-align: center;\"><code><iframe loading=\"lazy\" src=\"https:\/\/maps.google.pl\/maps?q=Al.Wilanowska+368c++lok.+4U&amp;oe=utf-8&amp;client=firefox-a&amp;ie=UTF8&amp;hq=&amp;hnear=Aleja+Wilanowska+4,+02-765+Warszawa,+mazowieckie&amp;t=h&amp;ll=52.166917,21.080317&amp;spn=0.004606,0.00912&amp;z=16&amp;iwloc=A&amp;output=embed\" width=\"425\" height=\"350\" frameborder=\"0\" marginwidth=\"0\" marginheight=\"0\" scrolling=\"no\"><\/iframe><br \/>\n<small><a style=\"color: #0000ff; text-align: left;\" href=\"https:\/\/maps.google.pl\/maps?q=Al.Wilanowska+368c++lok.+4U&amp;oe=utf-8&amp;client=firefox-a&amp;ie=UTF8&amp;hq=&amp;hnear=Aleja+Wilanowska+4,+02-765+Warszawa,+mazowieckie&amp;t=h&amp;ll=52.166917,21.080317&amp;spn=0.004606,0.00912&amp;z=16&amp;iwloc=A&amp;source=embed\">Wy\u015bwietl wi\u0119ksz\u0105 map\u0119<\/a><\/small><\/code><\/p>\n","protected":false},"excerpt":{"rendered":"<p>Kamila Ka\u017amierczak ( Lepieszka ) Tel.501 941 526 (sesje umawiane s\u0105 telefonicznie) Al.Wilanowska 368c lok. 4U Wy\u015bwietl wi\u0119ksz\u0105 map\u0119<\/p>\n","protected":false},"author":1,"featured_media":0,"parent":0,"menu_order":0,"comment_status":"closed","ping_status":"open","template":"","meta":[],"_links":{"self":[{"href":"https:\/\/psycho-terapia.eu\/index.php?rest_route=\/wp\/v2\/pages\/26"}],"collection":[{"href":"https:\/\/psycho-terapia.eu\/index.php?rest_route=\/wp\/v2\/pages"}],"about":[{"href":"https:\/\/psycho-terapia.eu\/index.php?rest_route=\/wp\/v2\/types\/page"}],"author":[{"embeddable":true,"href":"https:\/\/psycho-terapia.eu\/index.php?rest_route=\/wp\/v2\/users\/1"}],"replies":[{"embeddable":true,"href":"https:\/\/psycho-terapia.eu\/index.php?rest_route=%2Fwp%2Fv2%2Fcomments&post=26"}],"version-history":[{"count":8,"href":"https:\/\/psycho-terapia.eu\/index.php?rest_route=\/wp\/v2\/pages\/26\/revisions"}],"predecessor-version":[{"id":66,"href":"https:\/\/psycho-terapia.eu\/index.php?rest_route=\/wp\/v2\/pages\/26\/revisions\/66"}],"wp:attachment":[{"href":"https:\/\/psycho-terapia.eu\/index.php?rest_route=%2Fwp%2Fv2%2Fmedia&parent=26"}],"curies":[{"name":"wp","href":"https:\/\/api.w.org\/{rel}","templated":true}]}}