{"id":23,"date":"2014-01-28T23:12:36","date_gmt":"2014-01-28T22:12:36","guid":{"rendered":"http:\/\/psycho-terapia.eu\/?page_id=23"},"modified":"2024-04-15T12:24:33","modified_gmt":"2024-04-15T10:24:33","slug":"23-2","status":"publish","type":"page","link":"https:\/\/psycho-terapia.eu\/?page_id=23","title":{"rendered":""},"content":{"rendered":"<blockquote>\n<style type=\"text\/css\"><!-- P { margin-bottom: 0.21cm; direction: ltr; color: rgb(0, 0, 0); widows: 2; orphans: 2; }P.western { font-family: \"Times New Roman\",serif; font-size: 12pt; }P.cjk { font-family: \"Times New Roman\",serif; font-size: 12pt; }P.ctl { font-family: \"Times New Roman\",serif; font-size: 12pt; }A:link { color: rgb(0, 0, 255); text-decoration: underline; } --><\/style>\n<p style=\"text-align: center;\">psychoterapia indywidualna (50 minut) \u2013 200,00 z\u0142<br \/>\npsychoterapia ma\u0142\u017ce\u0144ska, par (50 minut) \u2013 300,00 z\u0142<\/p>\n<\/blockquote>\n","protected":false},"excerpt":{"rendered":"<p>psychoterapia indywidualna (50 minut) \u2013 200,00 z\u0142 psychoterapia ma\u0142\u017ce\u0144ska, par (50 minut) \u2013 300,00 z\u0142<\/p>\n","protected":false},"author":1,"featured_media":0,"parent":0,"menu_order":0,"comment_status":"closed","ping_status":"open","template":"","meta":[],"_links":{"self":[{"href":"https:\/\/psycho-terapia.eu\/index.php?rest_route=\/wp\/v2\/pages\/23"}],"collection":[{"href":"https:\/\/psycho-terapia.eu\/index.php?rest_route=\/wp\/v2\/pages"}],"about":[{"href":"https:\/\/psycho-terapia.eu\/index.php?rest_route=\/wp\/v2\/types\/page"}],"author":[{"embeddable":true,"href":"https:\/\/psycho-terapia.eu\/index.php?rest_route=\/wp\/v2\/users\/1"}],"replies":[{"embeddable":true,"href":"https:\/\/psycho-terapia.eu\/index.php?rest_route=%2Fwp%2Fv2%2Fcomments&post=23"}],"version-history":[{"count":11,"href":"https:\/\/psycho-terapia.eu\/index.php?rest_route=\/wp\/v2\/pages\/23\/revisions"}],"predecessor-version":[{"id":71,"href":"https:\/\/psycho-terapia.eu\/index.php?rest_route=\/wp\/v2\/pages\/23\/revisions\/71"}],"wp:attachment":[{"href":"https:\/\/psycho-terapia.eu\/index.php?rest_route=%2Fwp%2Fv2%2Fmedia&parent=23"}],"curies":[{"name":"wp","href":"https:\/\/api.w.org\/{rel}","templated":true}]}}