{"id":20,"date":"2014-01-28T23:11:04","date_gmt":"2014-01-28T22:11:04","guid":{"rendered":"http:\/\/psycho-terapia.eu\/?page_id=20"},"modified":"2019-07-29T10:28:40","modified_gmt":"2019-07-29T08:28:40","slug":"20-2","status":"publish","type":"page","link":"https:\/\/psycho-terapia.eu\/?page_id=20","title":{"rendered":""},"content":{"rendered":"<blockquote>\n<style type=\"text\/css\"><!--\nP { margin-bottom: 0.21cm; direction: ltr; color: rgb(0, 0, 0); widows: 2; orphans: 2; }P.western { font-family: \"Times New Roman\",serif; font-size: 12pt; }P.cjk { font-family: \"Times New Roman\",serif; font-size: 12pt; }P.ctl { font-family: \"Times New Roman\",serif; font-size: 12pt; }A:link { color: rgb(0, 0, 255); text-decoration: underline; }\n--><\/style>\n<p style=\"text-align: center;\"><strong>Zapraszam<\/strong><\/p>\n<p style=\"text-align: center;\">osoby doros\u0142e<\/p>\n<ul style=\"text-align: center;\">\n<li>cierpi\u0105ce z powodu nie\u015bmia\u0142o\u015bci lub niskiego poczucia w\u0142asnej warto\u015bci<\/li>\n<\/ul>\n<ul style=\"text-align: center;\">\n<li>maj\u0105ce problemy w relacjach z innymi lud\u017ami<\/li>\n<\/ul>\n<ul style=\"text-align: center;\">\n<li>prze\u017cywaj\u0105ce kryzys w zwi\u0105zku, problemy rodzinne, w pracy<\/li>\n<\/ul>\n<ul style=\"text-align: center;\">\n<li>b\u0119d\u0105ce w trudnej sytuacji \u017cyciowej, np.: po utracie bliskiej osoby lub pracy, po rozwodzie<\/li>\n<\/ul>\n<ul style=\"text-align: center;\">\n<li>chc\u0105ce lepiej zrozumie\u0107 siebie, prze\u017cywane emocje i swoje zachowania<\/li>\n<\/ul>\n<ul style=\"text-align: center;\">\n<li>do\u015bwiadczaj\u0105ce stresu, l\u0119ku, smutku, trudno\u015bci ze snem, koncentracj\u0105<\/li>\n<\/ul>\n<ul style=\"text-align: center;\">\n<li>zainteresowane rozwojem osobistym<\/li>\n<\/ul>\n<\/blockquote>\n","protected":false},"excerpt":{"rendered":"<p>Zapraszam osoby doros\u0142e cierpi\u0105ce z powodu nie\u015bmia\u0142o\u015bci lub niskiego poczucia w\u0142asnej warto\u015bci maj\u0105ce problemy w relacjach z innymi lud\u017ami prze\u017cywaj\u0105ce kryzys w zwi\u0105zku, problemy rodzinne, w pracy b\u0119d\u0105ce w trudnej sytuacji \u017cyciowej, np.: po utracie bliskiej osoby lub pracy, po rozwodzie chc\u0105ce lepiej zrozumie\u0107 siebie, prze\u017cywane emocje i swoje zachowania do\u015bwiadczaj\u0105ce stresu, l\u0119ku, smutku, trudno\u015bci [&hellip;]<\/p>\n","protected":false},"author":1,"featured_media":0,"parent":0,"menu_order":0,"comment_status":"closed","ping_status":"open","template":"","meta":[],"_links":{"self":[{"href":"https:\/\/psycho-terapia.eu\/index.php?rest_route=\/wp\/v2\/pages\/20"}],"collection":[{"href":"https:\/\/psycho-terapia.eu\/index.php?rest_route=\/wp\/v2\/pages"}],"about":[{"href":"https:\/\/psycho-terapia.eu\/index.php?rest_route=\/wp\/v2\/types\/page"}],"author":[{"embeddable":true,"href":"https:\/\/psycho-terapia.eu\/index.php?rest_route=\/wp\/v2\/users\/1"}],"replies":[{"embeddable":true,"href":"https:\/\/psycho-terapia.eu\/index.php?rest_route=%2Fwp%2Fv2%2Fcomments&post=20"}],"version-history":[{"count":4,"href":"https:\/\/psycho-terapia.eu\/index.php?rest_route=\/wp\/v2\/pages\/20\/revisions"}],"predecessor-version":[{"id":64,"href":"https:\/\/psycho-terapia.eu\/index.php?rest_route=\/wp\/v2\/pages\/20\/revisions\/64"}],"wp:attachment":[{"href":"https:\/\/psycho-terapia.eu\/index.php?rest_route=%2Fwp%2Fv2%2Fmedia&parent=20"}],"curies":[{"name":"wp","href":"https:\/\/api.w.org\/{rel}","templated":true}]}}